{"id":14813,"date":"2025-07-03T15:11:57","date_gmt":"2025-07-03T13:11:57","guid":{"rendered":"https:\/\/www.weingut-wilhelmy.de\/HP\/?page_id=14813"},"modified":"2025-07-03T15:11:59","modified_gmt":"2025-07-03T13:11:59","slug":"zimmernachweis","status":"publish","type":"page","link":"https:\/\/www.weingut-wilhelmy.de\/?page_id=14813","title":{"rendered":"Zimmernachweis"},"content":{"rendered":"\n<div class=\"wp-block-columns is-layout-flex wp-container-core-columns-is-layout-af2e6c56 wp-block-columns-is-layout-flex\" style=\"margin-top:-70px;margin-bottom:-70px\">\n<div class=\"wp-block-column is-layout-flow wp-block-column-is-layout-flow\" style=\"flex-basis:33.33%\">\n<figure class=\"wp-block-image size-full\"><img loading=\"lazy\" decoding=\"async\" width=\"366\" height=\"1000\" src=\"https:\/\/www.weingut-wilhelmy.de\/HP\/wp-content\/uploads\/pic.png\" alt=\"\" class=\"wp-image-14815\" srcset=\"https:\/\/www.weingut-wilhelmy.de\/HP\/wp-content\/uploads\/pic.png 366w, https:\/\/www.weingut-wilhelmy.de\/HP\/wp-content\/uploads\/pic-73x200.png 73w\" sizes=\"auto, (max-width: 366px) 100vw, 366px\" \/><\/figure>\n<\/div>\n\n\n\n<div class=\"wp-block-column is-layout-flow wp-block-column-is-layout-flow\" style=\"flex-basis:66.66%\">\n<div style=\"height:318px\" aria-hidden=\"true\" class=\"wp-block-spacer\"><\/div>\n\n\n\n<div class=\"wp-block-columns is-layout-flex wp-container-core-columns-is-layout-28f84493 wp-block-columns-is-layout-flex\">\n<div class=\"wp-block-column scroll-container is-layout-flow wp-block-column-is-layout-flow\">\n<p>F\u00fcr Ihre \u00dcbernachtungsw\u00fcnsche, die Sie bitte direkt mit den Hotels und Pensionen kl\u00e4ren, empfehlen wir folgende Auswahl:<\/p>\n\n\n\n<p><strong>Hinterconti bed &amp; breakfast<\/strong><br>Naheweinstr. 17<br>55559 Bretzenheim<br>Tel.:0176\/12270111<br>www.hinterconti.com<\/p>\n\n\n\n<p><strong>Das kleine Landhaus<\/strong><br>Naheweinstra\u00dfe 56<br>55450 Langenlonsheim<br>Tel.: 06704\/3145<\/p>\n\n\n\n<p><strong>bed &amp; brekfast im Hof<\/strong><br>Familie Sch\u00e4fer<br>Naheweinstra\u00dfe 121<br>55450 Langenlonsheim<br>Tel.: 06704\/559<br>www.hofgut-schaefer.de<\/p>\n\n\n\n<p><strong>G\u00e4stehaus Nahetal<\/strong><br>Familie Detlev Ro\u00dfkopf<br>Robert-Stolz-Stra\u00dfe 11<br>55450 Langenlonsheim<br>Tel.: 06704\/2236<\/p>\n\n\n\n<p><strong>Familie Harald Hoffmann<\/strong><br>Poststra\u00dfe 7<br>55450 Langenlonsheim<br>Tel.: 06704\/2303<\/p>\n\n\n\n<p><strong>Ferienwohnung Bayer<\/strong><br>Georg und Manuela Bayer<br>H\u00e4ndelstra\u00dfe 5<br>55450 Langenlonsheim<br>Telefon: 06704 \/ 959123<br>Mobil: 0157 \/ 53837741<br><a href=\"mailto:info@ferienwohnung-langenlonsheim.de\">info@ferienwohnung-langenlonsheim.de<\/a><\/p>\n<\/div>\n<\/div>\n<\/div>\n<\/div>\n","protected":false},"excerpt":{"rendered":"<p>F\u00fcr Ihre \u00dcbernachtungsw\u00fcnsche, die Sie bitte direkt mit den Hotels und Pensionen kl\u00e4ren, empfehlen wir folgende Auswahl: Hinterconti bed &amp; [&hellip;]<\/p>\n","protected":false},"author":1,"featured_media":0,"parent":0,"menu_order":0,"comment_status":"closed","ping_status":"closed","template":"","meta":{"site-sidebar-layout":"default","site-content-layout":"","ast-site-content-layout":"default","site-content-style":"default","site-sidebar-style":"default","ast-global-header-display":"","ast-banner-title-visibility":"","ast-main-header-display":"","ast-hfb-above-header-display":"","ast-hfb-below-header-display":"","ast-hfb-mobile-header-display":"","site-post-title":"disabled","ast-breadcrumbs-content":"","ast-featured-img":"","footer-sml-layout":"","ast-disable-related-posts":"","theme-transparent-header-meta":"","adv-header-id-meta":"","stick-header-meta":"","header-above-stick-meta":"","header-main-stick-meta":"","header-below-stick-meta":"","astra-migrate-meta-layouts":"default","ast-page-background-enabled":"default","ast-page-background-meta":{"desktop":{"background-color":"var(--ast-global-color-5)","background-image":"","background-repeat":"repeat","background-position":"center center","background-size":"auto","background-attachment":"scroll","background-type":"","background-media":"","overlay-type":"","overlay-color":"","overlay-opacity":"","overlay-gradient":""},"tablet":{"background-color":"","background-image":"","background-repeat":"repeat","background-position":"center center","background-size":"auto","background-attachment":"scroll","background-type":"","background-media":"","overlay-type":"","overlay-color":"","overlay-opacity":"","overlay-gradient":""},"mobile":{"background-color":"","background-image":"","background-repeat":"repeat","background-position":"center center","background-size":"auto","background-attachment":"scroll","background-type":"","background-media":"","overlay-type":"","overlay-color":"","overlay-opacity":"","overlay-gradient":""}},"ast-content-background-meta":{"desktop":{"background-color":"var(--ast-global-color-4)","background-image":"","background-repeat":"repeat","background-position":"center center","background-size":"auto","background-attachment":"scroll","background-type":"","background-media":"","overlay-type":"","overlay-color":"","overlay-opacity":"","overlay-gradient":""},"tablet":{"background-color":"var(--ast-global-color-4)","background-image":"","background-repeat":"repeat","background-position":"center center","background-size":"auto","background-attachment":"scroll","background-type":"","background-media":"","overlay-type":"","overlay-color":"","overlay-opacity":"","overlay-gradient":""},"mobile":{"background-color":"var(--ast-global-color-4)","background-image":"","background-repeat":"repeat","background-position":"center center","background-size":"auto","background-attachment":"scroll","background-type":"","background-media":"","overlay-type":"","overlay-color":"","overlay-opacity":"","overlay-gradient":""}},"footnotes":""},"class_list":["post-14813","page","type-page","status-publish","hentry"],"_links":{"self":[{"href":"https:\/\/www.weingut-wilhelmy.de\/index.php?rest_route=\/wp\/v2\/pages\/14813","targetHints":{"allow":["GET"]}}],"collection":[{"href":"https:\/\/www.weingut-wilhelmy.de\/index.php?rest_route=\/wp\/v2\/pages"}],"about":[{"href":"https:\/\/www.weingut-wilhelmy.de\/index.php?rest_route=\/wp\/v2\/types\/page"}],"author":[{"embeddable":true,"href":"https:\/\/www.weingut-wilhelmy.de\/index.php?rest_route=\/wp\/v2\/users\/1"}],"replies":[{"embeddable":true,"href":"https:\/\/www.weingut-wilhelmy.de\/index.php?rest_route=%2Fwp%2Fv2%2Fcomments&post=14813"}],"version-history":[{"count":1,"href":"https:\/\/www.weingut-wilhelmy.de\/index.php?rest_route=\/wp\/v2\/pages\/14813\/revisions"}],"predecessor-version":[{"id":14816,"href":"https:\/\/www.weingut-wilhelmy.de\/index.php?rest_route=\/wp\/v2\/pages\/14813\/revisions\/14816"}],"wp:attachment":[{"href":"https:\/\/www.weingut-wilhelmy.de\/index.php?rest_route=%2Fwp%2Fv2%2Fmedia&parent=14813"}],"curies":[{"name":"wp","href":"https:\/\/api.w.org\/{rel}","templated":true}]}}