{"id":14776,"date":"2025-07-03T12:32:05","date_gmt":"2025-07-03T10:32:05","guid":{"rendered":"https:\/\/www.weingut-wilhelmy.de\/HP\/?page_id=14776"},"modified":"2025-07-09T13:18:09","modified_gmt":"2025-07-09T11:18:09","slug":"auszeichnungen","status":"publish","type":"page","link":"https:\/\/www.weingut-wilhelmy.de\/?page_id=14776","title":{"rendered":"Auszeichnungen"},"content":{"rendered":"\n<div class=\"wp-block-columns is-layout-flex wp-container-core-columns-is-layout-2eb748b2 wp-block-columns-is-layout-flex\" style=\"margin-top:0px;margin-bottom:0px\">\n<div class=\"wp-block-column is-layout-flow wp-block-column-is-layout-flow\" style=\"flex-basis:66.66%\">\n<div class=\"wp-block-columns is-layout-flex wp-container-core-columns-is-layout-28f84493 wp-block-columns-is-layout-flex\">\n<div class=\"wp-block-column scroll-container is-layout-flow wp-block-column-is-layout-flow\">\n<figure class=\"wp-block-table\"><table class=\"has-fixed-layout\" style=\"border-style:none;border-width:0px\"><tbody><tr><th class=\"has-text-align-left\" data-align=\"left\"><strong>Landwirtschaftskammer<\/strong><\/th><\/tr><tr><td class=\"has-text-align-left\" data-align=\"left\"><img loading=\"lazy\" decoding=\"async\" width=\"150\" height=\"84\" class=\"wp-image-14784\" style=\"width: 150px;\" src=\"https:\/\/www.weingut-wilhelmy.de\/HP\/wp-content\/uploads\/Alle_mit_Schatten_kl.png\" alt=\"\" srcset=\"https:\/\/www.weingut-wilhelmy.de\/HP\/wp-content\/uploads\/Alle_mit_Schatten_kl.png 626w, https:\/\/www.weingut-wilhelmy.de\/HP\/wp-content\/uploads\/Alle_mit_Schatten_kl-400x224.png 400w, https:\/\/www.weingut-wilhelmy.de\/HP\/wp-content\/uploads\/Alle_mit_Schatten_kl-100x56.png 100w\" sizes=\"auto, (max-width: 150px) 100vw, 150px\" \/><\/td><\/tr><tr><td class=\"has-text-align-left\" data-align=\"left\">5 x Goldene Kammerpreism\u00fcnze<br>15 x Silberne Kammerpreism\u00fcnze<br>16 x Bronzene Kammerpreism\u00fcnze<\/td><\/tr><\/tbody><\/table><\/figure>\n\n\n\n<figure class=\"wp-block-table\"><table class=\"has-fixed-layout\" style=\"border-style:none;border-width:0px\"><tbody><tr><th class=\"has-text-align-left\" data-align=\"left\" colspan=\"3\"><strong>Weinfachzeitschrift Selection<\/strong><\/th><\/tr><tr><td class=\"has-text-align-left\" data-align=\"left\">17 Weine mit 3 Sternen (sehr gut)<br>6 Weine mit 2 Sternen (gut)<\/td><\/tr><\/tbody><\/table><\/figure>\n\n\n\n<figure class=\"wp-block-table\"><table class=\"has-fixed-layout\" style=\"border-style:none;border-width:0px\"><tbody><tr><th class=\"has-text-align-left\" data-align=\"left\" colspan=\"3\"><strong>International Wein Challenge<\/strong><\/th><\/tr><tr><td class=\"has-text-align-left\" data-align=\"left\"><strong>AWC VIENNA 2012<\/strong><br>2 Weine mit Silber<br>2 Weine mit Qualit\u00e4tssiegel<\/td><\/tr><\/tbody><\/table><\/figure>\n\n\n\n<figure class=\"wp-block-table\"><table class=\"has-fixed-layout\" style=\"border-style:none;border-width:0px\"><tbody><tr><th class=\"has-text-align-left\" data-align=\"left\"><strong>Internationaler Wein Grand Prix<\/strong><\/th><\/tr><tr><td class=\"has-text-align-left\" data-align=\"left\"><strong>D\u00fcsseldorf 2013<\/strong><br>1 Wein mit Gro\u00dfem Gold<br>3 Weine mit Gold<br>4 Weine mit Silber<\/td><\/tr><\/tbody><\/table><\/figure>\n\n\n\n<figure class=\"wp-block-table\"><table class=\"has-fixed-layout\" style=\"border-style:none;border-width:0px\"><tbody><tr><th class=\"has-text-align-left\" data-align=\"left\"><strong>Weinfachzeitschrift Savoir Vivre<\/strong><\/th><\/tr><tr><td class=\"has-text-align-left\" data-align=\"left\">2 Weine mit 2 Sonnen<br>(Exzellente Qualit\u00e4t)<br>3 Weine mit 1 Sonne<br>(sehr gute Qualit\u00e4t)<\/td><\/tr><\/tbody><\/table><\/figure>\n\n\n\n<figure class=\"wp-block-table\"><table class=\"has-fixed-layout\" style=\"border-style:none;border-width:0px\"><tbody><tr><th class=\"has-text-align-left\" data-align=\"left\"><strong>Berliner Wein Trophy 2012<\/strong><\/th><\/tr><tr><td class=\"has-text-align-left\" data-align=\"left\">1 Wein mit Berliner Gold<\/td><\/tr><\/tbody><\/table><\/figure>\n\n\n\n<figure class=\"wp-block-table\"><table class=\"has-fixed-layout\" style=\"border-style:none;border-width:0px\"><tbody><tr><th class=\"has-text-align-left\" data-align=\"left\"><strong>Empfohlen in<\/strong><\/th><\/tr><tr><td class=\"has-text-align-left\" data-align=\"left\"><strong>Weinfachzeitschrift Selection:<\/strong>&nbsp;&nbsp;&nbsp;<br>\u201eDie besten 50 Erzeugerbetriebe in Deutschland 2013\u201c<strong><br>Platz 17<\/strong><br><br><strong>Feinschmecker:<\/strong><br>&#8222;Die besten Weing\u00fcter in Deutschland&#8220;<\/td><\/tr><\/tbody><\/table><\/figure>\n<\/div>\n<\/div>\n<\/div>\n<\/div>\n\n\n\n<p><\/p>\n","protected":false},"excerpt":{"rendered":"<p>Landwirtschaftskammer 5 x Goldene Kammerpreism\u00fcnze15 x Silberne Kammerpreism\u00fcnze16 x Bronzene Kammerpreism\u00fcnze Weinfachzeitschrift Selection 17 Weine mit 3 Sternen (sehr gut)6 [&hellip;]<\/p>\n","protected":false},"author":1,"featured_media":14781,"parent":0,"menu_order":0,"comment_status":"closed","ping_status":"closed","template":"page-whbildimage.php","meta":{"site-sidebar-layout":"default","site-content-layout":"","ast-site-content-layout":"default","site-content-style":"default","site-sidebar-style":"default","ast-global-header-display":"","ast-banner-title-visibility":"","ast-main-header-display":"","ast-hfb-above-header-display":"","ast-hfb-below-header-display":"","ast-hfb-mobile-header-display":"","site-post-title":"disabled","ast-breadcrumbs-content":"","ast-featured-img":"","footer-sml-layout":"","ast-disable-related-posts":"","theme-transparent-header-meta":"","adv-header-id-meta":"","stick-header-meta":"","header-above-stick-meta":"","header-main-stick-meta":"","header-below-stick-meta":"","astra-migrate-meta-layouts":"default","ast-page-background-enabled":"default","ast-page-background-meta":{"desktop":{"background-color":"var(--ast-global-color-5)","background-image":"","background-repeat":"repeat","background-position":"center center","background-size":"auto","background-attachment":"scroll","background-type":"","background-media":"","overlay-type":"","overlay-color":"","overlay-opacity":"","overlay-gradient":""},"tablet":{"background-color":"","background-image":"","background-repeat":"repeat","background-position":"center center","background-size":"auto","background-attachment":"scroll","background-type":"","background-media":"","overlay-type":"","overlay-color":"","overlay-opacity":"","overlay-gradient":""},"mobile":{"background-color":"","background-image":"","background-repeat":"repeat","background-position":"center center","background-size":"auto","background-attachment":"scroll","background-type":"","background-media":"","overlay-type":"","overlay-color":"","overlay-opacity":"","overlay-gradient":""}},"ast-content-background-meta":{"desktop":{"background-color":"var(--ast-global-color-4)","background-image":"","background-repeat":"repeat","background-position":"center center","background-size":"auto","background-attachment":"scroll","background-type":"","background-media":"","overlay-type":"","overlay-color":"","overlay-opacity":"","overlay-gradient":""},"tablet":{"background-color":"var(--ast-global-color-4)","background-image":"","background-repeat":"repeat","background-position":"center center","background-size":"auto","background-attachment":"scroll","background-type":"","background-media":"","overlay-type":"","overlay-color":"","overlay-opacity":"","overlay-gradient":""},"mobile":{"background-color":"var(--ast-global-color-4)","background-image":"","background-repeat":"repeat","background-position":"center center","background-size":"auto","background-attachment":"scroll","background-type":"","background-media":"","overlay-type":"","overlay-color":"","overlay-opacity":"","overlay-gradient":""}},"footnotes":""},"class_list":["post-14776","page","type-page","status-publish","has-post-thumbnail","hentry"],"_links":{"self":[{"href":"https:\/\/www.weingut-wilhelmy.de\/index.php?rest_route=\/wp\/v2\/pages\/14776","targetHints":{"allow":["GET"]}}],"collection":[{"href":"https:\/\/www.weingut-wilhelmy.de\/index.php?rest_route=\/wp\/v2\/pages"}],"about":[{"href":"https:\/\/www.weingut-wilhelmy.de\/index.php?rest_route=\/wp\/v2\/types\/page"}],"author":[{"embeddable":true,"href":"https:\/\/www.weingut-wilhelmy.de\/index.php?rest_route=\/wp\/v2\/users\/1"}],"replies":[{"embeddable":true,"href":"https:\/\/www.weingut-wilhelmy.de\/index.php?rest_route=%2Fwp%2Fv2%2Fcomments&post=14776"}],"version-history":[{"count":15,"href":"https:\/\/www.weingut-wilhelmy.de\/index.php?rest_route=\/wp\/v2\/pages\/14776\/revisions"}],"predecessor-version":[{"id":15013,"href":"https:\/\/www.weingut-wilhelmy.de\/index.php?rest_route=\/wp\/v2\/pages\/14776\/revisions\/15013"}],"wp:featuredmedia":[{"embeddable":true,"href":"https:\/\/www.weingut-wilhelmy.de\/index.php?rest_route=\/wp\/v2\/media\/14781"}],"wp:attachment":[{"href":"https:\/\/www.weingut-wilhelmy.de\/index.php?rest_route=%2Fwp%2Fv2%2Fmedia&parent=14776"}],"curies":[{"name":"wp","href":"https:\/\/api.w.org\/{rel}","templated":true}]}}