{"id":14231,"date":"2022-11-21T17:25:45","date_gmt":"2022-11-21T15:25:45","guid":{"rendered":"https:\/\/www.weingut-wilhelmy.de\/catalog\/?product=2021er-langenlonsheimer-steinchen-kerner-praedikatswein-lieblich-075l"},"modified":"2024-10-17T05:59:20","modified_gmt":"2024-10-17T03:59:20","slug":"2021er-langenlonsheimer-steinchen-kerner-praedikatswein-lieblich-075l","status":"publish","type":"product","link":"https:\/\/www.weingut-wilhelmy.de\/catalog\/?product=2021er-langenlonsheimer-steinchen-kerner-praedikatswein-lieblich-075l","title":{"rendered":"<br>2021er Langenlonsheimer Steinchen Kerner Pr\u00e4dikatswein  lieblich 0,75l<br>"},"content":{"rendered":"\n<div align=\"left\"><font size=\"1\">2021er Langenlonsheimer Steinchen Kerner Pr\u00e4dikatswein  lieblich 0,75l<\/p>\n<p>        <font color=\"#666666\"><\/font><\/p>\n<p><\/font><\/div>\n<table WIDTH=\"60%\" BORDER=\"0\" align=\"left\" CELLPADDING=\"0\" CELLSPACING=\"0\"><\/p>\n<tr><\/p>\n<td width=\"53%\"><font size=\"-1\">Artikelnummer:<\/font><\/td>\n<td width=\"47%\"><font size=\"-1\"><strong>5322<\/strong><\/font><\/td>\n<p><\/tr>\n<tr><\/p>\n<td><font size=\"-1\">Inhalt<\/font><\/td>\n<td><font size=\"-1\"><strong>0,75 Ltr.<\/strong><\/font><\/td>\n<p><\/tr>\n<tr ALIGN=\"LEFT\"><\/p>\n<td><font size=\"-1\">Preis\/Ltr.<\/font><\/td>\n<td><font size=\"-1\"><strong>10,00 EUR pro Ltr.<\/strong><\/font><\/td>\n<p><\/tr>\n<tr><\/p>\n<td><font size=\"-1\">Weinart:<\/font><\/td>\n<td><font size=\"-1\"><strong>Wei\u00dfwein<\/strong><\/font><\/td>\n<p><\/tr>\n<tr><\/p>\n<td><font size=\"-1\">Qualit&auml;tsstufe<\/font><\/td>\n<td><font size=\"-1\"><strong>Pr\u00e4dikatswein<\/strong><\/font><\/td>\n<p><\/tr>\n<tr><\/p>\n<td><font size=\"-1\">Rebsorte<\/font><\/td>\n<td><font size=\"-1\"><strong>Kerner<\/strong><\/font><\/td>\n<p><\/tr>\n<tr>  <\/p>\n<td><font size=\"-1\">Restzuckergehalt<\/font><\/td>\n<p>  <\/p>\n<td><font size=\"-1\"><strong><\/strong><\/font><\/td>\n<p><\/tr>\n<p><\/p>\n<tr><\/p>\n<td><font size=\"-1\">Alkoholgehalt<\/font><\/td>\n<td><font size=\"-1\"><strong><\/strong><\/font><\/td>\n<p><\/tr>\n<p><\/p>\n<tr>\n<td><font size=\"-1\">Bio:<\/font><\/td>\n<td><font size=\"-1\"><strong>NEIN<\/strong><\/font><\/td>\n<\/tr>\n<p><\/p>\n<tr>\n<td><font size=\"-1\">Ursprungsland:<\/font><\/td>\n<td><font size=\"-1\"><strong><\/strong><\/font><\/td>\n<\/tr>\n<p><\/p>\n<tr>\n<td><font size=\"-1\">enth\u00e4lt Allergene:<\/font><\/td>\n<td><font size=\"-1\"><strong>Sulfite<\/strong><\/font><\/td>\n<\/tr>\n<p><\/table>\n","protected":false},"excerpt":{"rendered":"<p>2021er Langenlonsheimer Steinchen Kerner Pr\u00e4dikatswein lieblich 0,75l Artikelnummer: 5322 Inhalt 0,75 Ltr. Preis\/Ltr. 10,00 EUR pro Ltr. Weinart: Wei\u00dfwein Qualit&auml;tsstufe Pr\u00e4dikatswein Rebsorte Kerner Restzuckergehalt Alkoholgehalt Bio: NEIN Ursprungsland: enth\u00e4lt Allergene: Sulfite<\/p>\n","protected":false},"featured_media":14284,"comment_status":"open","ping_status":"closed","template":"","meta":[],"product_brand":[],"product_cat":[1660],"product_tag":[],"class_list":{"0":"post-14231","1":"product","2":"type-product","3":"status-publish","4":"has-post-thumbnail","6":"product_cat-weissweine-lieblich","8":"first","9":"instock","10":"taxable","11":"shipping-taxable","12":"purchasable","13":"product-type-simple"},"_links":{"self":[{"href":"https:\/\/www.weingut-wilhelmy.de\/catalog\/index.php?rest_route=\/wp\/v2\/product\/14231","targetHints":{"allow":["GET"]}}],"collection":[{"href":"https:\/\/www.weingut-wilhelmy.de\/catalog\/index.php?rest_route=\/wp\/v2\/product"}],"about":[{"href":"https:\/\/www.weingut-wilhelmy.de\/catalog\/index.php?rest_route=\/wp\/v2\/types\/product"}],"replies":[{"embeddable":true,"href":"https:\/\/www.weingut-wilhelmy.de\/catalog\/index.php?rest_route=%2Fwp%2Fv2%2Fcomments&post=14231"}],"wp:featuredmedia":[{"embeddable":true,"href":"https:\/\/www.weingut-wilhelmy.de\/catalog\/index.php?rest_route=\/wp\/v2\/media\/14284"}],"wp:attachment":[{"href":"https:\/\/www.weingut-wilhelmy.de\/catalog\/index.php?rest_route=%2Fwp%2Fv2%2Fmedia&parent=14231"}],"wp:term":[{"taxonomy":"product_brand","embeddable":true,"href":"https:\/\/www.weingut-wilhelmy.de\/catalog\/index.php?rest_route=%2Fwp%2Fv2%2Fproduct_brand&post=14231"},{"taxonomy":"product_cat","embeddable":true,"href":"https:\/\/www.weingut-wilhelmy.de\/catalog\/index.php?rest_route=%2Fwp%2Fv2%2Fproduct_cat&post=14231"},{"taxonomy":"product_tag","embeddable":true,"href":"https:\/\/www.weingut-wilhelmy.de\/catalog\/index.php?rest_route=%2Fwp%2Fv2%2Fproduct_tag&post=14231"}],"curies":[{"name":"wp","href":"https:\/\/api.w.org\/{rel}","templated":true}]}}