{"id":12,"date":"2016-02-05T09:38:51","date_gmt":"2016-02-05T07:38:51","guid":{"rendered":"http:\/\/www.weingut-wilhelmy.de\/catalog\/?page_id=12"},"modified":"2022-11-22T09:59:01","modified_gmt":"2022-11-22T07:59:01","slug":"lieferung-und-zahlung","status":"publish","type":"page","link":"https:\/\/www.weingut-wilhelmy.de\/catalog\/?page_id=12","title":{"rendered":"Lieferung und Zahlung"},"content":{"rendered":"<p><!-- IBGHTML --><\/p>\n<p>Alle Weine, Secco und Br\u00e4nde (bis auf Weinbrand, Traubensaft und Sekt) sind eigene Erzeugnisse.<\/p>\n<p>Unsere Preise sind Endpreise. Sie enthalten Glas, Verpackung sowie die Mehrwertsteuer.<\/p>\n<p>Geschenkgutscheine werden bei Ihrem n\u00e4chsten Einkauf verrechnet! Eine Auszahlung in bar ist nicht m\u00f6glich.<\/p>\n<p>Die deutschlandweite Lieferung (ausgenommen Inseln)&nbsp;erfolgt erfolgt per UPS ab 24 Flaschen frei Haus.Unter 24 Flaschen berechnen wir einen Versandkostenanteil von 8.-\u20ac pro Paket. Der Versand ist m\u00f6glich in 6er, 12er oder 15er Einheiten.<br \/>Eine Sortierung innerhalb der Kartons ist kein Problem, jedoch achten Sie bitte darauf, nur volle Kisten zu bestellen.<\/p>\n<p>Eine Lieferung per DHL\/Spedition oder auf die Inseln ist selbstverst\u00e4ndlich auch m\u00f6glich. Sprechen Sie uns gerne an.<\/p>\n<p>Selbstabholer im Weingut erhalten einen Rabatt von 0,40 \u20ac\/ Flasche.<\/p>\n<p>Da wir \u00fcber die Firma Zmart Duales System Zentek dem Dualen System Deutschland angeschlossen sind, k\u00f6nnen Sie Flaschen und Kartons ohne weiteres zu Hause entsorgen. Eine Kennzeichnung mit dem &#8222;Gr\u00fcnen Punkt&#8220; ist nicht notwendig.<br \/>Unsere Registrierungsnummer lautet:DE3683976707053.<\/p>\n<p>Ist eine Sorte ausverkauft, so erlauben wir uns nach Absprache mit Ihnen, einen Wein \u00e4hnlicher Geschmacksrichtung und Preislage zu liefern.<\/p>\n<p>Weinsteinausf\u00e4llung ist ein nat\u00fcrlicher Vorgang und kein Grund zur Reklamation oder Preisminderung.<\/p>\n<p>Rechnungen sind Zahlbar nach Rechnungserhalt.<\/p>\n<p>Bankverbindung:<\/p>\n<p>Sparkasse Rhein-Nahe&nbsp;&nbsp;&nbsp;&nbsp;&nbsp;&nbsp;&nbsp;&nbsp;&nbsp;&nbsp;&nbsp;&nbsp;&nbsp;&nbsp;&nbsp;&nbsp;&nbsp;&nbsp;&nbsp;&nbsp;&nbsp;&nbsp;&nbsp;&nbsp;&nbsp;&nbsp;<br \/>IBAN: DE32 5605 0180 0010 072411&nbsp;&nbsp;&nbsp; <br \/>BIC:MALADE51KRE&nbsp;&nbsp;&nbsp;&nbsp;&nbsp;&nbsp;&nbsp;&nbsp;&nbsp;&nbsp;&nbsp;&nbsp;&nbsp;&nbsp;&nbsp;&nbsp;&nbsp;&nbsp;&nbsp;&nbsp;&nbsp;&nbsp;&nbsp;&nbsp;&nbsp;&nbsp;&nbsp;&nbsp;<\/p>\n<p>Erf\u00fcllungsort ist Langenlonsheim, Gerichtsstand f\u00fcr beide Teile Bad Kreuznach. Die Ware bleibt bis zur vollst\u00e4ndigen Bezahlung unser Eigentum.<\/p>\n<p>Mit dieser Liste verlieren alle fr\u00fcheren Angebote ihre G\u00fcltigkeit.<\/p>\n","protected":false},"excerpt":{"rendered":"<p>Alle Weine, Secco und Br\u00e4nde (bis auf Weinbrand, Traubensaft und Sekt) sind eigene Erzeugnisse. Unsere Preise sind Endpreise. Sie enthalten Glas, Verpackung sowie die Mehrwertsteuer. Geschenkgutscheine werden bei Ihrem n\u00e4chsten Einkauf verrechnet! Eine Auszahlung in bar ist nicht m\u00f6glich. Die deutschlandweite Lieferung (ausgenommen Inseln)&nbsp;erfolgt erfolgt per UPS ab 24 Flaschen frei Haus.Unter 24 Flaschen berechnen [&hellip;]<\/p>\n","protected":false},"author":1,"featured_media":0,"parent":0,"menu_order":0,"comment_status":"closed","ping_status":"closed","template":"","meta":{"footnotes":""},"class_list":["post-12","page","type-page","status-publish","hentry"],"_links":{"self":[{"href":"https:\/\/www.weingut-wilhelmy.de\/catalog\/index.php?rest_route=\/wp\/v2\/pages\/12","targetHints":{"allow":["GET"]}}],"collection":[{"href":"https:\/\/www.weingut-wilhelmy.de\/catalog\/index.php?rest_route=\/wp\/v2\/pages"}],"about":[{"href":"https:\/\/www.weingut-wilhelmy.de\/catalog\/index.php?rest_route=\/wp\/v2\/types\/page"}],"author":[{"embeddable":true,"href":"https:\/\/www.weingut-wilhelmy.de\/catalog\/index.php?rest_route=\/wp\/v2\/users\/1"}],"replies":[{"embeddable":true,"href":"https:\/\/www.weingut-wilhelmy.de\/catalog\/index.php?rest_route=%2Fwp%2Fv2%2Fcomments&post=12"}],"version-history":[{"count":4,"href":"https:\/\/www.weingut-wilhelmy.de\/catalog\/index.php?rest_route=\/wp\/v2\/pages\/12\/revisions"}],"predecessor-version":[{"id":14263,"href":"https:\/\/www.weingut-wilhelmy.de\/catalog\/index.php?rest_route=\/wp\/v2\/pages\/12\/revisions\/14263"}],"wp:attachment":[{"href":"https:\/\/www.weingut-wilhelmy.de\/catalog\/index.php?rest_route=%2Fwp%2Fv2%2Fmedia&parent=12"}],"curies":[{"name":"wp","href":"https:\/\/api.w.org\/{rel}","templated":true}]}}